{"id":20,"date":"2025-09-20T08:03:08","date_gmt":"2025-09-20T08:03:08","guid":{"rendered":"http:\/\/pegasusteknoloji.com.tr\/?page_id=20"},"modified":"2025-09-20T08:16:05","modified_gmt":"2025-09-20T08:16:05","slug":"ana-sayfa","status":"publish","type":"page","link":"http:\/\/pegasusteknoloji.com.tr\/","title":{"rendered":"Ana sayfa"},"content":{"rendered":"\r\n<div class=\"wp-block-cover alignfull\" style=\"min-height: 800px;aspect-ratio:unset;\"><img decoding=\"async\" class=\"wp-block-cover__image-background\" style=\"object-position: 50% 72%;\" src=\"http:\/\/pegasusteknoloji.com.tr\/wp-content\/themes\/neve\/assets\/img\/starter-content\/neve-hero-2.png\" alt=\"\" data-object-fit=\"cover\" data-object-position=\"50% 72%\" \/>\r\n<div class=\"wp-block-cover__inner-container is-layout-flow wp-block-cover-is-layout-flow\">\r\n<div class=\"wp-block-columns are-vertically-aligned-center is-layout-flex wp-container-core-columns-is-layout-9d6595d7 wp-block-columns-is-layout-flex\">\r\n<div class=\"wp-block-column is-vertically-aligned-center is-layout-flow wp-block-column-is-layout-flow\" style=\"padding-right: var(--wp--preset--spacing--20); padding-left: var(--wp--preset--spacing--20); flex-basis: 65%;\">\r\n<div class=\"wp-block-spacer\" style=\"height: 80px;\" aria-hidden=\"true\">\u00a0<\/div>\r\n\r\n\r\n\r\n<h1 class=\"wp-block-heading has-text-align-left has-nv-text-dark-bg-color has-text-color\"><span style=\"font-size: 18pt;\">\u0130htiya\u00e7lar\u0131n\u0131za \u00f6zel \u00e7\u00f6z\u00fcmlerle teknolojiyi yan\u0131n\u0131za getiriyoruz.<\/span><\/h1>\r\n\r\n\r\n\r\n<p class=\"has-text-align-left has-nv-text-dark-bg-color has-text-color\" style=\"font-size: 17px;\">En son teknoloji \u00fcr\u00fcnleri, g\u00fcvenilir altyap\u0131 ve profesyonel hizmet anlay\u0131\u015f\u0131m\u0131zla kullan\u0131c\u0131lar\u0131m\u0131z\u0131n yan\u0131nday\u0131z. Her ad\u0131mda kaliteyi ve s\u00fcrd\u00fcr\u00fclebilirli\u011fi \u00f6n planda tutarak gelece\u011fe birlikte ilerliyoruz.<\/p>\r\n\r\n\r\n\r\n<div class=\"wp-block-buttons is-horizontal is-content-justification-left is-layout-flex wp-container-core-buttons-is-layout-7e5fce0a wp-block-buttons-is-layout-flex\">\r\n<div class=\"wp-block-button is-style-primary\"><a class=\"wp-block-button__link has-text-color has-background has-link-color wp-element-button\" style=\"color: #0a2279; background-color: #ffffff;\" href=\"http:\/\/pegasusteknoloji.com.tr\/about\/\">Get Started<\/a><\/div>\r\n\r\n\r\n\r\n<div class=\"wp-block-button is-style-secondary\"><a class=\"wp-block-button__link has-nv-text-dark-bg-color has-text-color has-link-color wp-element-button\" href=\"http:\/\/pegasusteknoloji.com.tr\/portofolio\/\">Hire us<\/a><\/div>\r\n<\/div>\r\n\r\n\r\n\r\n<div class=\"wp-block-spacer\" style=\"height: 100px;\" aria-hidden=\"true\">\u00a0<\/div>\r\n<\/div>\r\n\r\n\r\n\r\n<div class=\"wp-block-column is-vertically-aligned-center is-layout-flow wp-block-column-is-layout-flow\">\r\n<figure class=\"wp-block-image size-full\"><img decoding=\"async\" src=\"http:\/\/pegasusteknoloji.com.tr\/wp-content\/themes\/neve\/assets\/img\/starter-content\/person-hero-2.png\" alt=\"\" \/><\/figure>\r\n<\/div>\r\n<\/div>\r\n<\/div>\r\n<\/div>\r\n\r\n\r\n\r\n<div class=\"wp-block-spacer\" style=\"height: 40px;\" aria-hidden=\"true\">\u00a0<\/div>\r\n\r\n\r\n\r\n<div class=\"wp-block-columns is-layout-flex wp-container-core-columns-is-layout-9d6595d7 wp-block-columns-is-layout-flex\">\r\n<div class=\"wp-block-column neve-duotone is-layout-flow wp-block-column-is-layout-flow\" style=\"padding-right: var(--wp--preset--spacing--30); padding-left: var(--wp--preset--spacing--30);\"><div class=\"wp-block-image icon-style is-style-default wp-duotone-unset-1\">\r\n<figure class=\"aligncenter size-full has-custom-border\"><img decoding=\"async\" style=\"border-radius: 0px;\" title=\"\" src=\"http:\/\/pegasusteknoloji.com.tr\/wp-content\/themes\/neve\/assets\/img\/starter-content\/neve-marketing-icon-1.png\" alt=\"\" \/><\/figure>\r\n<\/div>\r\n\r\n\r\n<div class=\"wp-block-spacer\" style=\"height: 16px;\" aria-hidden=\"true\">\u00a0<\/div>\r\n\r\n\r\n\r\n<h3 class=\"wp-block-heading has-text-align-center has-neve-text-color-color has-text-color\">Kurumsal<\/h3>\r\n\r\n\r\n\r\n<p class=\"has-text-align-center\">Profesyonel ekibimiz, s\u00fcrd\u00fcr\u00fclebilirlik ve yenilik odakl\u0131 kurumsal de\u011ferlerimizle gelece\u011fe y\u00f6n vermektedir.<\/p>\r\n\r\n\r\n\r\n<div class=\"wp-block-spacer\" style=\"height: 20px;\" aria-hidden=\"true\">\u00a0<\/div>\r\n<\/div>\r\n\r\n\r\n\r\n<div class=\"wp-block-column is-layout-flow wp-block-column-is-layout-flow\" style=\"padding-right: var(--wp--preset--spacing--30); padding-left: var(--wp--preset--spacing--30);\"><div class=\"wp-block-image icon-style is-style-default\">\r\n<figure class=\"aligncenter size-full has-custom-border\"><img decoding=\"async\" style=\"border-radius: 0px;\" title=\"\" src=\"http:\/\/pegasusteknoloji.com.tr\/wp-content\/themes\/neve\/assets\/img\/starter-content\/neve-marketing-icon-4.1.png\" alt=\"\" \/><\/figure>\r\n<\/div>\r\n\r\n\r\n<div class=\"wp-block-spacer\" style=\"height: 16px;\" aria-hidden=\"true\">\u00a0<\/div>\r\n\r\n\r\n\r\n<h3 class=\"wp-block-heading has-text-align-center has-neve-text-color-color has-text-color\">\u00dcr\u00fcnlerimiz<\/h3>\r\n\r\n\r\n\r\n<p class=\"has-text-align-center\">En son teknolojilerle geli\u015ftirilmi\u015f, ihtiya\u00e7lar\u0131n\u0131za uygun \u00e7\u00f6z\u00fcmler sunan geni\u015f \u00fcr\u00fcn yelpazemizle yan\u0131n\u0131zday\u0131z.<\/p>\r\n\r\n\r\n\r\n<div class=\"wp-block-spacer\" style=\"height: 20px;\" aria-hidden=\"true\">\u00a0<\/div>\r\n<\/div>\r\n\r\n\r\n\r\n<div class=\"wp-block-column is-layout-flow wp-block-column-is-layout-flow\" style=\"padding-right: var(--wp--preset--spacing--30); padding-left: var(--wp--preset--spacing--30);\"><div class=\"wp-block-image icon-style is-style-default wp-duotone-unset-2\">\r\n<figure class=\"aligncenter size-full has-custom-border\"><img decoding=\"async\" style=\"border-radius: 0px;\" title=\"\" src=\"http:\/\/pegasusteknoloji.com.tr\/wp-content\/themes\/neve\/assets\/img\/starter-content\/neve-marketing-icon-3.1.png\" alt=\"\" \/><\/figure>\r\n<\/div>\r\n\r\n\r\n<div class=\"wp-block-spacer\" style=\"height: 16px;\" aria-hidden=\"true\">\u00a0<\/div>\r\n\r\n\r\n\r\n<h3 class=\"wp-block-heading has-text-align-center has-neve-text-color-color has-text-color\">Hakk\u0131m\u0131zda<\/h3>\r\n\r\n\r\n\r\n<p class=\"has-text-align-center\">Yenilik\u00e7i teknolojileri kullan\u0131c\u0131larla bulu\u015fturan firmam\u0131z, kalite ve g\u00fcven odakl\u0131 hizmet anlay\u0131\u015f\u0131yla sekt\u00f6rde \u00f6nc\u00fc olmay\u0131 hedeflemektedir.<\/p>\r\n\r\n\r\n\r\n<div class=\"wp-block-spacer\" style=\"height: 20px;\" aria-hidden=\"true\">\u00a0<\/div>\r\n<\/div>\r\n\r\n\r\n\r\n<div class=\"wp-block-column is-layout-flow wp-block-column-is-layout-flow\" style=\"padding-right: var(--wp--preset--spacing--30); padding-left: var(--wp--preset--spacing--30);\"><div class=\"wp-block-image icon-style is-style-default wp-duotone-unset-3\">\r\n<figure class=\"aligncenter size-full has-custom-border\"><img decoding=\"async\" style=\"border-radius: 0px;\" title=\"\" src=\"http:\/\/pegasusteknoloji.com.tr\/wp-content\/themes\/neve\/assets\/img\/starter-content\/neve-marketing-icon-2.png\" alt=\"\" \/><\/figure>\r\n<\/div>\r\n\r\n\r\n<div class=\"wp-block-spacer\" style=\"height: 16px;\" aria-hidden=\"true\">\u00a0<\/div>\r\n\r\n\r\n\r\n<h3 class=\"wp-block-heading has-text-align-center has-neve-text-color-color has-text-color\">Referanslar\u0131m\u0131z<\/h3>\r\n\r\n\r\n\r\n<p class=\"has-text-align-center\">G\u00fcvenilir i\u015f ortaklar\u0131m\u0131z ve ba\u015far\u0131l\u0131 projelerimiz, m\u00fc\u015fteri memnuniyetine verdi\u011fimiz \u00f6nemin bir g\u00f6stergesidir.<\/p>\r\n\r\n\r\n\r\n<div class=\"wp-block-spacer\" style=\"height: 20px;\" aria-hidden=\"true\">\u00a0<\/div>\r\n<\/div>\r\n<\/div>\r\n\r\n\r\n\r\n<div class=\"wp-block-cover alignfull\" style=\"min-height: 600px;aspect-ratio:unset;\">\r\n<div class=\"wp-block-cover__inner-container is-layout-flow wp-block-cover-is-layout-flow\">\r\n<div class=\"wp-block-group\"><div class=\"wp-block-group__inner-container is-layout-flow wp-block-group-is-layout-flow\">\r\n<div class=\"wp-block-spacer\" style=\"height: 80px;\" aria-hidden=\"true\">\u00a0<\/div>\r\n\r\n\r\n\r\n<div class=\"wp-block-columns is-layout-flex wp-container-core-columns-is-layout-9d6595d7 wp-block-columns-is-layout-flex\">\r\n<div class=\"wp-block-column is-layout-flow wp-block-column-is-layout-flow\" style=\"padding-right: 0; padding-left: 0; flex-basis: 20%;\">\r\n<div class=\"wp-block-group is-vertical is-content-justification-center is-layout-flex wp-container-core-group-is-layout-4b2eccd6 wp-block-group-is-layout-flex\">\u00a0<\/div>\r\n<\/div>\r\n\r\n\r\n\r\n<div class=\"wp-block-column is-layout-flow wp-block-column-is-layout-flow\" style=\"flex-basis: 60%;\">\r\n<div class=\"wp-block-group is-vertical is-content-justification-center is-layout-flex wp-container-core-group-is-layout-4b2eccd6 wp-block-group-is-layout-flex\">\r\n<h2 class=\"wp-block-heading has-text-align-center has-neve-text-color-color has-text-color has-link-color wp-elements-051725b6cc4f9d6e5ddb9e06a65397bb\">Featured Work<\/h2>\r\n\r\n\r\n\r\n<p class=\"has-text-align-center has-neve-text-color-color has-text-color has-link-color wp-elements-402a4513a9816da0708f676023ab0211\">Lorem ipsum dolor sit amet, consectetur adipiscing elit. Ut elit tellus, luctus nec ullamcorper mattis, pulvinar dapibus leo.<\/p>\r\n\r\n\r\n\r\n<div class=\"wp-block-spacer wp-container-content-541a6b20\" style=\"height: 0px;\" aria-hidden=\"true\">\u00a0<\/div>\r\n<\/div>\r\n<\/div>\r\n\r\n\r\n\r\n<div class=\"wp-block-column is-layout-flow wp-block-column-is-layout-flow\" style=\"flex-basis: 20%;\">\r\n<div class=\"wp-block-group is-vertical is-content-justification-center is-layout-flex wp-container-core-group-is-layout-4b2eccd6 wp-block-group-is-layout-flex\">\u00a0<\/div>\r\n<\/div>\r\n<\/div>\r\n\r\n\r\n\r\n<div class=\"wp-block-columns are-vertically-aligned-center is-layout-flex wp-container-core-columns-is-layout-9d6595d7 wp-block-columns-is-layout-flex\">\r\n<div class=\"wp-block-column is-vertically-aligned-center is-layout-flow wp-block-column-is-layout-flow\" style=\"padding-right: var(--wp--preset--spacing--30); padding-left: var(--wp--preset--spacing--30); flex-basis: 50%;\">\r\n<figure class=\"wp-block-image size-full has-custom-border\"><img decoding=\"async\" style=\"border-radius: 16px;\" src=\"http:\/\/pegasusteknoloji.com.tr\/wp-content\/themes\/neve\/assets\/img\/starter-content\/neve-marketing-agency-15.png\" alt=\"\" \/><\/figure>\r\n\r\n\r\n\r\n<div class=\"wp-block-spacer\" style=\"height: 24px;\" aria-hidden=\"true\">\u00a0<\/div>\r\n\r\n\r\n\r\n<h3 class=\"wp-block-heading has-text-align-center has-neve-text-color-color has-text-color\">Marketing Strategy<\/h3>\r\n\r\n\r\n\r\n<div class=\"wp-block-spacer\" style=\"height: 40px;\" aria-hidden=\"true\">\u00a0<\/div>\r\n<\/div>\r\n\r\n\r\n\r\n<div class=\"wp-block-column is-vertically-aligned-center is-layout-flow wp-block-column-is-layout-flow\" style=\"padding-right: var(--wp--preset--spacing--30); padding-left: var(--wp--preset--spacing--30); flex-basis: 50%;\">\r\n<figure class=\"wp-block-image size-full has-custom-border\"><a href=\"#\"><img decoding=\"async\" style=\"border-radius: 16px;\" src=\"http:\/\/pegasusteknoloji.com.tr\/wp-content\/themes\/neve\/assets\/img\/starter-content\/neve-marketing-agency-13.png\" alt=\"\" \/><\/a><\/figure>\r\n\r\n\r\n\r\n<div class=\"wp-block-spacer\" style=\"height: 24px;\" aria-hidden=\"true\">\u00a0<\/div>\r\n\r\n\r\n\r\n<h3 class=\"wp-block-heading has-text-align-center has-neve-text-color-color has-text-color\">Omnichannel Optimization<\/h3>\r\n\r\n\r\n\r\n<div class=\"wp-block-spacer\" style=\"height: 40px;\" aria-hidden=\"true\">\u00a0<\/div>\r\n<\/div>\r\n<\/div>\r\n<\/div><\/div>\r\n<\/div>\r\n<\/div>\r\n\r\n\r\n\r\n<div class=\"wp-block-cover alignfull has-nv-text-dark-bg-color has-text-color has-link-color wp-elements-debc725b5f4df449faf0d3fa09cacf49\" style=\"min-height: 420px;aspect-ratio:unset;\">\r\n<div class=\"wp-block-cover__inner-container is-layout-flow wp-block-cover-is-layout-flow\">\r\n<div class=\"wp-block-spacer\" style=\"height: 80px;\" aria-hidden=\"true\">\u00a0<\/div>\r\n\r\n\r\n\r\n<div class=\"wp-block-columns is-layout-flex wp-container-core-columns-is-layout-9d6595d7 wp-block-columns-is-layout-flex\">\r\n<div class=\"wp-block-column ticss-4ce656f1 is-layout-flow wp-block-column-is-layout-flow\"><div class=\"wp-block-image is-style-rounded\">\r\n<figure class=\"aligncenter size-full is-resized\"><img decoding=\"async\" style=\"width: 80px; height: 80px;\" src=\"http:\/\/pegasusteknoloji.com.tr\/wp-content\/themes\/neve\/assets\/img\/starter-content\/neve-marketing-agency-04.png\" alt=\"\" \/><\/figure>\r\n<\/div>\r\n\r\n\r\n<div class=\"wp-block-spacer\" style=\"height: 24px;\" aria-hidden=\"true\">\u00a0<\/div>\r\n\r\n\r\n\r\n<p class=\"has-text-align-center has-nv-text-dark-bg-color has-text-color has-link-color wp-elements-21a7c85f50e21e1f0e19156c8a1294f8\">\u201cWe saw a significant increase in website traffic and sales within just a few months. I recommend the marketing agency.\u201c<\/p>\r\n\r\n\r\n\r\n<p class=\"has-text-align-center has-nv-text-dark-bg-color has-text-color has-small-font-size\" style=\"text-transform: uppercase;\"><strong>Janet Morris<\/strong><\/p>\r\n\r\n\r\n\r\n<div class=\"wp-block-spacer\" style=\"height: 20px;\" aria-hidden=\"true\">\u00a0<\/div>\r\n<\/div>\r\n\r\n\r\n\r\n<div class=\"wp-block-column ticss-f6fc7494 is-layout-flow wp-block-column-is-layout-flow\"><div class=\"wp-block-image is-style-rounded\">\r\n<figure class=\"aligncenter size-full is-resized\"><img decoding=\"async\" style=\"width: 80px; height: 80px;\" src=\"http:\/\/pegasusteknoloji.com.tr\/wp-content\/themes\/neve\/assets\/img\/starter-content\/neve-marketing-agency-03.png\" alt=\"\" \/><\/figure>\r\n<\/div>\r\n\r\n\r\n<div class=\"wp-block-spacer\" style=\"height: 24px;\" aria-hidden=\"true\">\u00a0<\/div>\r\n\r\n\r\n\r\n<p class=\"has-text-align-center has-nv-text-dark-bg-color has-text-color\">\u201cThe agency completely transformed our strategy. They&#8217;re a true marketing partner, and we&#8217;re thrilled with the results.\u201d<\/p>\r\n\r\n\r\n\r\n<p class=\"has-text-align-center has-nv-text-dark-bg-color has-text-color has-small-font-size\" style=\"text-transform: uppercase;\"><strong>Willie Brown<\/strong><\/p>\r\n\r\n\r\n\r\n<div class=\"wp-block-spacer\" style=\"height: 20px;\" aria-hidden=\"true\">\u00a0<\/div>\r\n<\/div>\r\n\r\n\r\n\r\n<div class=\"wp-block-column ticss-a5b4df29 is-layout-flow wp-block-column-is-layout-flow\"><div class=\"wp-block-image is-style-rounded\">\r\n<figure class=\"aligncenter size-full is-resized\"><img decoding=\"async\" style=\"width: 80px; height: 80px;\" src=\"http:\/\/pegasusteknoloji.com.tr\/wp-content\/themes\/neve\/assets\/img\/starter-content\/neve-marketing-agency-02.png\" alt=\"\" \/><\/figure>\r\n<\/div>\r\n\r\n\r\n<div class=\"wp-block-spacer\" style=\"height: 24px;\" aria-hidden=\"true\">\u00a0<\/div>\r\n\r\n\r\n\r\n<p class=\"has-text-align-center has-nv-text-dark-bg-color has-text-color\">\u201cTheir expertise and their data-driven approach allowed us to optimize our campaigns for maximum impact.\u201d<\/p>\r\n\r\n\r\n\r\n<p class=\"has-text-align-center has-nv-text-dark-bg-color has-text-color has-small-font-size\" style=\"text-transform: uppercase;\"><strong>MARIA STEVENS<\/strong><\/p>\r\n\r\n\r\n\r\n<div class=\"wp-block-spacer\" style=\"height: 20px;\" aria-hidden=\"true\">\u00a0<\/div>\r\n<\/div>\r\n<\/div>\r\n\r\n\r\n\r\n<div class=\"wp-block-spacer\" style=\"height: 0px;\" aria-hidden=\"true\">\u00a0<\/div>\r\n<\/div>\r\n<\/div>\r\n\r\n\r\n\r\n<div class=\"wp-block-cover alignfull\" style=\"min-height: 600px;aspect-ratio:unset;\">\r\n<div class=\"wp-block-cover__inner-container is-layout-flow wp-block-cover-is-layout-flow\">\r\n<div class=\"wp-block-group\"><div class=\"wp-block-group__inner-container is-layout-flow wp-block-group-is-layout-flow\">\r\n<div class=\"wp-block-spacer\" style=\"height: 80px;\" aria-hidden=\"true\">\u00a0<\/div>\r\n\r\n\r\n\r\n<div class=\"wp-block-columns are-vertically-aligned-center is-layout-flex wp-container-core-columns-is-layout-9d6595d7 wp-block-columns-is-layout-flex\">\r\n<div class=\"wp-block-column is-vertically-aligned-center is-layout-flow wp-block-column-is-layout-flow\" style=\"padding-right: var(--wp--preset--spacing--30); padding-left: var(--wp--preset--spacing--30); flex-basis: 50%;\">\r\n<figure class=\"wp-block-image size-full has-custom-border is-style-default\"><img decoding=\"async\" style=\"border-radius: 16px;\" src=\"http:\/\/pegasusteknoloji.com.tr\/wp-content\/themes\/neve\/assets\/img\/starter-content\/neve-marketing-agency-12.png\" alt=\"\" \/><\/figure>\r\n<\/div>\r\n\r\n\r\n\r\n<div class=\"wp-block-column is-vertically-aligned-center is-layout-flow wp-block-column-is-layout-flow\" style=\"padding-right: var(--wp--preset--spacing--30); padding-left: var(--wp--preset--spacing--30); flex-basis: 50%;\">\r\n<div class=\"wp-block-spacer\" style=\"height: 20px;\" aria-hidden=\"true\">\u00a0<\/div>\r\n\r\n\r\n\r\n<h2 class=\"wp-block-heading has-text-align-left has-neve-text-color-color has-text-color\">Food Magazine Ad<\/h2>\r\n\r\n\r\n\r\n<p class=\"has-text-align-left has-neve-text-color-color has-text-color\" style=\"font-size: 17px;\">Lorem ipsum dolor sit amet, consectetur adipiscing elit. Ut elit tellus, luctus nec ullamcorper mattis, pulvinar dapibus. Fit authentic try-hard farm-to-table hammock hexagon aesthetic.<\/p>\r\n\r\n\r\n\r\n<div class=\"wp-block-buttons has-custom-font-size has-small-font-size is-content-justification-left is-layout-flex wp-container-core-buttons-is-layout-fdcfc74e wp-block-buttons-is-layout-flex\">\r\n<div class=\"wp-block-button has-custom-font-size is-style-default\" style=\"font-size: 16px;\"><a class=\"wp-block-button__link has-nv-text-dark-bg-color has-neve-link-color-background-color has-text-color has-background has-link-color wp-element-button\" href=\"#\">Learn more<\/a><\/div>\r\n<\/div>\r\n<\/div>\r\n<\/div>\r\n\r\n\r\n\r\n<div class=\"wp-block-columns are-vertically-aligned-center is-layout-flex wp-container-core-columns-is-layout-9d6595d7 wp-block-columns-is-layout-flex\">\r\n<div class=\"wp-block-column is-vertically-aligned-center is-layout-flow wp-block-column-is-layout-flow\" style=\"padding-right: var(--wp--preset--spacing--30); padding-left: var(--wp--preset--spacing--30); flex-basis: 50%;\">\r\n<div class=\"wp-block-spacer\" style=\"height: 20px;\" aria-hidden=\"true\">\u00a0<\/div>\r\n\r\n\r\n\r\n<h2 class=\"wp-block-heading has-text-align-left has-neve-text-color-color has-text-color\">Influencer Marketing<\/h2>\r\n\r\n\r\n\r\n<p class=\"has-text-align-left has-neve-text-color-color has-text-color\" style=\"font-size: 17px;\">Lorem ipsum dolor sit amet, consectetur adipiscing elit. Ut elit tellus, luctus nec ullamcorper mattis, pulvinar dapibus. Fit authentic try-hard farm-to-table hammock hexagon aesthetic.<\/p>\r\n\r\n\r\n\r\n<div class=\"wp-block-buttons has-custom-font-size has-small-font-size is-content-justification-left is-layout-flex wp-container-core-buttons-is-layout-fdcfc74e wp-block-buttons-is-layout-flex\">\r\n<div class=\"wp-block-button has-custom-font-size is-style-default\" style=\"font-size: 16px;\"><a class=\"wp-block-button__link has-nv-text-dark-bg-color has-neve-link-color-background-color has-text-color has-background has-link-color wp-element-button\" href=\"#\">Learn more<\/a><\/div>\r\n<\/div>\r\n<\/div>\r\n\r\n\r\n\r\n<div class=\"wp-block-column is-vertically-aligned-center is-layout-flow wp-block-column-is-layout-flow\" style=\"padding-right: var(--wp--preset--spacing--30); padding-left: var(--wp--preset--spacing--30); flex-basis: 50%;\">\r\n<figure class=\"wp-block-image size-full has-custom-border is-style-default\"><img decoding=\"async\" style=\"border-radius: 16px;\" src=\"http:\/\/pegasusteknoloji.com.tr\/wp-content\/themes\/neve\/assets\/img\/starter-content\/neve-marketing-agency-17.png\" alt=\"\" \/><\/figure>\r\n<\/div>\r\n<\/div>\r\n\r\n\r\n\r\n<div class=\"wp-block-spacer\" style=\"height: 40px;\" aria-hidden=\"true\">\u00a0<\/div>\r\n<\/div><\/div>\r\n<\/div>\r\n<\/div>\r\n\r\n\r\n\r\n<div class=\"wp-block-cover alignfull\" style=\"min-height: 300px;aspect-ratio:unset;\">\r\n<div class=\"wp-block-cover__inner-container is-layout-flow wp-block-cover-is-layout-flow\">\r\n<div class=\"wp-block-spacer\" style=\"height: 140px;\" aria-hidden=\"true\">\u00a0<\/div>\r\n\r\n\r\n\r\n<div class=\"wp-block-columns is-layout-flex wp-container-core-columns-is-layout-9d6595d7 wp-block-columns-is-layout-flex\">\r\n<div class=\"wp-block-column is-layout-flow wp-block-column-is-layout-flow\" style=\"flex-basis: 20%;\">\u00a0<\/div>\r\n\r\n\r\n\r\n<div class=\"wp-block-column is-layout-flow wp-block-column-is-layout-flow\" style=\"flex-basis: 60%;\">\r\n<div class=\"wp-block-group\"><div class=\"wp-block-group__inner-container is-layout-constrained wp-block-group-is-layout-constrained\">\r\n<h2 class=\"wp-block-heading has-text-align-center has-nv-text-dark-bg-color has-text-color\">Let\u2019s work together on your next marketing project<\/h2>\r\n\r\n\r\n\r\n<p class=\"has-text-align-center has-nv-text-dark-bg-color has-text-color has-link-color wp-elements-311ff0dd0bc5926e5cefbdd08363f9ba\">Lorem ipsum dolor sit amet, consectetur adipiscing elit. Ut elit tellus, luctus <br \/>nec ullamcorper mattis, pulvinar dapibus leo.<\/p>\r\n\r\n\r\n\r\n<div class=\"wp-block-buttons is-horizontal is-content-justification-center is-layout-flex wp-container-core-buttons-is-layout-499968f5 wp-block-buttons-is-layout-flex\">\r\n<div class=\"wp-block-button is-style-primary\"><a class=\"wp-block-button__link has-neve-link-color-color has-text-color has-background has-link-color wp-element-button\" style=\"background-color: #ffffff;\" href=\"http:\/\/pegasusteknoloji.com.tr\/contact\/\">Get Started<\/a><\/div>\r\n<\/div>\r\n<\/div><\/div>\r\n<\/div>\r\n\r\n\r\n\r\n<div class=\"wp-block-column is-layout-flow wp-block-column-is-layout-flow\" style=\"flex-basis: 20%;\">\u00a0<\/div>\r\n<\/div>\r\n\r\n\r\n\r\n<div class=\"wp-block-spacer\" style=\"height: 140px;\" aria-hidden=\"true\">\u00a0<\/div>\r\n<\/div>\r\n<\/div>\r\n","protected":false},"excerpt":{"rendered":"<p>Kurumsal Profesyonel ekibimiz, s\u00fcrd\u00fcr\u00fclebilirlik ve yenilik odakl\u0131 kurumsal de\u011ferlerimizle gelece\u011fe y\u00f6n vermektedir. \u00dcr\u00fcnlerimiz En son teknolojilerle geli\u015ftirilmi\u015f, ihtiya\u00e7lar\u0131n\u0131za uygun \u00e7\u00f6z\u00fcmler sunan geni\u015f \u00fcr\u00fcn yelpazemizle yan\u0131n\u0131zday\u0131z. Hakk\u0131m\u0131zda Yenilik\u00e7i teknolojileri kullan\u0131c\u0131larla bulu\u015fturan firmam\u0131z, kalite ve g\u00fcven odakl\u0131 hizmet anlay\u0131\u015f\u0131yla sekt\u00f6rde \u00f6nc\u00fc olmay\u0131 hedeflemektedir. Referanslar\u0131m\u0131z G\u00fcvenilir i\u015f ortaklar\u0131m\u0131z ve ba\u015far\u0131l\u0131 projelerimiz, m\u00fc\u015fteri memnuniyetine verdi\u011fimiz \u00f6nemin bir g\u00f6stergesidir.<\/p>\n","protected":false},"author":1,"featured_media":0,"parent":0,"menu_order":0,"comment_status":"closed","ping_status":"closed","template":"","meta":{"neve_meta_sidebar":"","neve_meta_container":"","neve_meta_enable_content_width":"on","neve_meta_content_width":100,"neve_meta_title_alignment":"","neve_meta_author_avatar":"","neve_post_elements_order":"","neve_meta_disable_header":"","neve_meta_disable_footer":"","neve_meta_disable_title":"on","footnotes":""},"class_list":["post-20","page","type-page","status-publish","hentry"],"_links":{"self":[{"href":"http:\/\/pegasusteknoloji.com.tr\/index.php\/wp-json\/wp\/v2\/pages\/20","targetHints":{"allow":["GET"]}}],"collection":[{"href":"http:\/\/pegasusteknoloji.com.tr\/index.php\/wp-json\/wp\/v2\/pages"}],"about":[{"href":"http:\/\/pegasusteknoloji.com.tr\/index.php\/wp-json\/wp\/v2\/types\/page"}],"author":[{"embeddable":true,"href":"http:\/\/pegasusteknoloji.com.tr\/index.php\/wp-json\/wp\/v2\/users\/1"}],"replies":[{"embeddable":true,"href":"http:\/\/pegasusteknoloji.com.tr\/index.php\/wp-json\/wp\/v2\/comments?post=20"}],"version-history":[{"count":5,"href":"http:\/\/pegasusteknoloji.com.tr\/index.php\/wp-json\/wp\/v2\/pages\/20\/revisions"}],"predecessor-version":[{"id":52,"href":"http:\/\/pegasusteknoloji.com.tr\/index.php\/wp-json\/wp\/v2\/pages\/20\/revisions\/52"}],"wp:attachment":[{"href":"http:\/\/pegasusteknoloji.com.tr\/index.php\/wp-json\/wp\/v2\/media?parent=20"}],"curies":[{"name":"wp","href":"https:\/\/api.w.org\/{rel}","templated":true}]}}